{"id":14,"date":"2023-10-02T09:28:47","date_gmt":"2023-10-02T09:28:47","guid":{"rendered":"https:\/\/sei-sen.ch\/?page_id=14"},"modified":"2026-03-03T15:14:29","modified_gmt":"2026-03-03T15:14:29","slug":"home","status":"publish","type":"page","link":"https:\/\/sei-sen.ch\/","title":{"rendered":"Home"},"content":{"rendered":"\n<figure class=\"wp-block-image size-full\"><img loading=\"lazy\" decoding=\"async\" width=\"520\" height=\"600\" src=\"https:\/\/sei-sen.ch\/wp-content\/uploads\/2024\/01\/400x150_605e33_v3.png\" alt=\"\" class=\"wp-image-259\" srcset=\"https:\/\/sei-sen.ch\/wp-content\/uploads\/2024\/01\/400x150_605e33_v3.png 520w, https:\/\/sei-sen.ch\/wp-content\/uploads\/2024\/01\/400x150_605e33_v3-260x300.png 260w\" sizes=\"auto, (max-width: 520px) 100vw, 520px\" \/><\/figure>\n\n\n\n<div style=\"height:60px\" aria-hidden=\"true\" class=\"wp-block-spacer\"><\/div>\n\n\n\n<hr class=\"wp-block-separator has-alpha-channel-opacity\"\/>\n\n\n\n<div style=\"height:0px\" aria-hidden=\"true\" class=\"wp-block-spacer\"><\/div>\n\n\n\n<h2 class=\"wp-block-heading\" id=\"Sei-Sen\">Sei-Sen \u2013 reine Quelle<\/h2>\n\n\n\n<div class=\"wp-block-columns is-layout-flex wp-container-core-columns-is-layout-9d6595d7 wp-block-columns-is-layout-flex\">\n<div class=\"wp-block-column is-layout-flow wp-block-column-is-layout-flow\" style=\"flex-basis:66.66%\" data-aos=\"fade-right\">\n<p>\u00c4hnlich wie eine Quelle, die stetig frisches Wasser hervorbringt, dient meine Begleitung dazu, die Essenz unseres wahren Selbst, innere Ressourcen und Potenziale zu entdecken und weiterzuentwickeln. Wir versuchen oft, mit dem Verstand, mit Wille oder Ehrgeiz, das Selbst zu optimieren, was uns oft nicht gelingt.<\/p>\n\n\n\n<p>Eine reine Quelle steht auch symbolisch f\u00fcr Reinigung von \u00e4u\u00dferen Einfl\u00fcssen und negativen Glaubenss\u00e4tzen. Indem wir uns von alten Mustern und Begrenzungen l\u00f6sen, k\u00f6nnen wir uns entfalten.<\/p>\n\n\n\n<p>Der Schl\u00fcssel dazu liegt im Geist. Wenn er zu Ruhe kommt, kann sich das wahre Selbst zeigen.<\/p>\n\n\n\n<p>Mein Vorname \u2013 Berrin \u2013 kommt aus dem Arabischen, heisst sinngem\u00e4ss \u00abreine Quelle\u00bb und \u00fcbersetzt ins Japanische \u00abSei-Sen\u00bb. Die \u00abreine Quelle\u00bb zeigt sich wundersch\u00f6n in der alten japanischen Kalligraphie.<\/p>\n<\/div>\n\n\n\n<div class=\"wp-block-column is-layout-flow wp-block-column-is-layout-flow\" style=\"flex-basis:33.33%\" data-aos=\"fade-left\">\n<figure class=\"wp-block-image size-large\"><img loading=\"lazy\" decoding=\"async\" width=\"1024\" height=\"1024\" src=\"https:\/\/sei-sen.ch\/wp-content\/uploads\/2024\/01\/057_1762x1762-1024x1024.jpg\" alt=\"\" class=\"wp-image-311\" srcset=\"https:\/\/sei-sen.ch\/wp-content\/uploads\/2024\/01\/057_1762x1762-1024x1024.jpg 1024w, https:\/\/sei-sen.ch\/wp-content\/uploads\/2024\/01\/057_1762x1762-300x300.jpg 300w, https:\/\/sei-sen.ch\/wp-content\/uploads\/2024\/01\/057_1762x1762-150x150.jpg 150w, https:\/\/sei-sen.ch\/wp-content\/uploads\/2024\/01\/057_1762x1762-768x768.jpg 768w, https:\/\/sei-sen.ch\/wp-content\/uploads\/2024\/01\/057_1762x1762-1536x1536.jpg 1536w, https:\/\/sei-sen.ch\/wp-content\/uploads\/2024\/01\/057_1762x1762.jpg 1762w\" sizes=\"auto, (max-width: 1024px) 100vw, 1024px\" \/><\/figure>\n<\/div>\n<\/div>\n\n\n\n<hr class=\"wp-block-separator has-alpha-channel-opacity\"\/>\n\n\n\n<div style=\"height:35px\" aria-hidden=\"true\" class=\"wp-block-spacer\"><\/div>\n\n\n\n<h2 class=\"wp-block-heading\" id=\"Kraftorte\">Achtsames Gehen an Kraftorten<\/h2>\n\n\n\n<div class=\"wp-block-columns is-layout-flex wp-container-core-columns-is-layout-9d6595d7 wp-block-columns-is-layout-flex\">\n<div class=\"wp-block-column is-layout-flow wp-block-column-is-layout-flow\" style=\"flex-basis:66.66%\" data-aos=\"fade-right\">\n<p>Durch achtsames Gehen und bewusste Atmung tanken wir Energie, welche uns den Zugang zur eigenen Quelle er\u00f6ffnet. Mit Qi Gong und Atemtechnik st\u00e4rken wird das Zusammenspiel von K\u00f6rper, Geist und Seele. Die mystisch sch\u00f6ne Landschaft der Ermitage bietet f\u00fcr diese Erfahrung den perfekten Rahmen. Es ist mehr als nur ein Wohlf\u00fchlpaket. Es ist ein Erlebnis f\u00fcr K\u00f6rper, Geist und Seele!<\/p>\n\n\n\n<p><strong>Wann?<\/strong><br>jeweils am Freitag von 10:00-12:00<br>24. April \/ 29. April \/ 26. Juni 2026<\/p>\n\n\n\n<p>jeweils am Samstag von 10:00-12:00<br>18. April \/ 9. Mai \/ 13. Juni 2026<\/p>\n\n\n\n<p><strong>Kleidung <\/strong><br>Dem Wetter angepasste Kleidung, solide Schuhe und Sitzmatte.<\/p>\n\n\n\n<p><strong>Investition<\/strong><br>CHF 30.&#8211; pro Anlass<\/p>\n\n\n\n<p><strong>Treffpunkt<\/strong><br><a href=\"https:\/\/maps.app.goo.gl\/dEzvA8r11BNuT34d6\">Dom <\/a><a href=\"https:\/\/maps.app.goo.gl\/dEzvA8r11BNuT34d6\" target=\"_blank\" rel=\"noreferrer noopener\">zu Arlesheim<\/a><\/p>\n\n\n\n<p><strong>Veranstalter:<\/strong>&nbsp;Akzent Forum (Freitag) \/ Sei-Sen (Samstag)<br><strong>Haben Sie Fragen?&nbsp;<\/strong>Sie erreichen mich unter: 079 636 8670 \/&nbsp;<a href=\"mailto:office@sei-sen.ch\" target=\"_blank\" rel=\"noreferrer noopener\">office@sei-sen.ch<\/a><\/p>\n<\/div>\n\n\n\n<div class=\"wp-block-column is-layout-flow wp-block-column-is-layout-flow\" style=\"flex-basis:33.33%\" data-aos=\"fade-left\">\n<figure class=\"wp-block-image size-large\" data-aos=\"fade\"><img loading=\"lazy\" decoding=\"async\" width=\"576\" height=\"1024\" src=\"https:\/\/sei-sen.ch\/wp-content\/uploads\/2023\/11\/IMG_4471-576x1024.png\" alt=\"\" class=\"wp-image-130\" srcset=\"https:\/\/sei-sen.ch\/wp-content\/uploads\/2023\/11\/IMG_4471-576x1024.png 576w, https:\/\/sei-sen.ch\/wp-content\/uploads\/2023\/11\/IMG_4471-169x300.png 169w, https:\/\/sei-sen.ch\/wp-content\/uploads\/2023\/11\/IMG_4471-768x1365.png 768w, https:\/\/sei-sen.ch\/wp-content\/uploads\/2023\/11\/IMG_4471-864x1536.png 864w, https:\/\/sei-sen.ch\/wp-content\/uploads\/2023\/11\/IMG_4471-1152x2048.png 1152w, https:\/\/sei-sen.ch\/wp-content\/uploads\/2023\/11\/IMG_4471.png 1242w\" sizes=\"auto, (max-width: 576px) 100vw, 576px\" \/><\/figure>\n<\/div>\n<\/div>\n\n\n\n<hr class=\"wp-block-separator has-alpha-channel-opacity\"\/>\n\n\n\n<div style=\"height:35px\" aria-hidden=\"true\" class=\"wp-block-spacer\"><\/div>\n\n\n\n<h2 class=\"wp-block-heading\" id=\"Meditation\">Kurse<\/h2>\n\n\n\n<div class=\"wp-block-columns is-layout-flex wp-container-core-columns-is-layout-9d6595d7 wp-block-columns-is-layout-flex\">\n<div class=\"wp-block-column is-layout-flow wp-block-column-is-layout-flow\" style=\"flex-basis:66.7%\" data-aos=\"fade-right\">\n<p><strong>Qi Gong <\/strong><br>Qi Gong ist eine fliessende und sanfte Bewegungsform. Qi Gong stammt aus der traditionellen chinesischen Medizin (TCM) und ist eine ganzheitliche Methode zur St\u00e4rkung der k\u00f6rperlichen und mentalen Gesundheit.<\/p>\n\n\n\n<p><strong>Qi Gong &amp; gef\u00fchrte Meditation<\/strong><br>Die Praxis von Qi Gong &amp; gef\u00fchrter Meditation dient zur besseren Konzentration und hilft gegen Anspannung, Stress sowie innerer Unruhe.<\/p>\n\n\n\n<p><strong>Fitness-Karate ab 50!<\/strong><br>Karate ist eine traditionelle japanische Kampfkunst und heisst sinngem\u00e4ss mit der leeren Hand k\u00e4mpfen. Karate-Do (Weg des Karate) ist direkt, klar und tiefgr\u00fcndig.<br>Das ganzheitliche Training beinhaltet einfache Techniken sowie Atem\u00fcbungen und ist ideal f\u00fcr Beweglichkeit, Koordination und Reaktion. Fitness-Karate verbessert das k\u00f6rperliche Wohlbefinden, steigert das Ged\u00e4chtnispotenzial und ist m\u00f6glich f\u00fcr jedes Fitnesslevel.<\/p>\n\n\n\n<p><strong>Die asiatischen Bewegungsk\u00fcnste<\/strong><br>\u2026regulieren das&nbsp;Qi (Lebensenergie), f\u00f6rdern die Lebensfreude und machen gute Laune. Qi Gong, Meditation und Fitness-Karate sind leicht erlernbar.&nbsp;Die Wirkung ist heilsam, wohltuend und aufbauend. Meine Kurse sind f\u00fcr Menschen jeden Alters sowie f\u00fcr Anf\u00e4nger und Fortgeschrittene gleichermassen geeignet.<\/p>\n\n\n\n<p><strong>Qi Gong<\/strong><br>Montag 13:30 \u2013 14:30: Turnhalle Missionshaus, <a href=\"https:\/\/maps.app.goo.gl\/AG7Af91oLRKxX12N9\" target=\"_blank\" rel=\"noreferrer noopener\"><\/a><a href=\"https:\/\/maps.app.goo.gl\/DgJ8s9BwnHDXdRYU7\" target=\"_blank\" rel=\"noreferrer noopener\">Nonnenweg 36, BS<\/a><br>Dienstag 10:30 \u2013 11:30: Gymnastikraum, <a href=\"https:\/\/maps.app.goo.gl\/bTDpA1M4CduNo14eA\" target=\"_blank\" rel=\"noreferrer noopener\">Rheinfelderstasse 29, BS<\/a><br>Mittwoch 09:00 \u2013 10:00: Movimento, <a href=\"https:\/\/maps.app.goo.gl\/cMoV3wStabaaKUS59\" target=\"_blank\" rel=\"noreferrer noopener\">Neuweilerstrasse 5, BS<\/a><br>Donnerstag 17:00 \u2013 17:50: Klubschule Migros, <a href=\"https:\/\/maps.app.goo.gl\/LYFZ9K1KBUR3Hcay9\" target=\"_blank\" rel=\"noreferrer noopener\">Grosspeterstr. 18, BS<\/a><\/p>\n\n\n\n<p><strong>Qi Gong &amp; gef\u00fchrte Meditation<br><\/strong>Montag 08:15 \u2013 09:15: Quartierzentrum Oekolampad, <a href=\"https:\/\/maps.app.goo.gl\/T852Yt7QDSeyXG7k7\" target=\"_blank\" rel=\"noreferrer noopener\">Allschwilerplatz 22, BS<\/a><br>Dienstag 11:30-12:30: Gymnastikraum, <a href=\"https:\/\/maps.app.goo.gl\/bTDpA1M4CduNo14eA\" target=\"_blank\" rel=\"noreferrer noopener\">Rheinfelderstasse 29, BS<\/a><\/p>\n\n\n\n<p><strong>Fitness-Karate ab 50!<br><\/strong>Donnerstag 08:30 \u2013 09:30: Gymnastikraum, <a href=\"https:\/\/maps.app.goo.gl\/bTDpA1M4CduNo14eA\" target=\"_blank\" rel=\"noreferrer noopener\">Rheinfelderstasse 29, BS<\/a>\u00a0\u00a0<\/p>\n\n\n\n<p><strong>Start:&nbsp;<\/strong>13. April 2026 \/ Migros kein Unterbruch \/ Einstieg jederzeit m\u00f6glich<br><strong>Veranstalter:&nbsp;<\/strong>Sei-Sen \/ Akzent Forum \/ Rheumaliga \/ Klubschule Migros<br><strong>Haben Sie Fragen?&nbsp;<\/strong>Sie erreichen mich unter: 079 636 8670 \/&nbsp;<a href=\"mailto:office@sei-sen.ch\" target=\"_blank\" rel=\"noreferrer noopener\">office@sei-sen.ch<\/a><\/p>\n\n\n\n<p><strong>Besondere Angebote<\/strong>: <strong>Sommer Specials 2026<\/strong><\/p>\n\n\n\n<p><em>\u00ab<strong>Allschwil bewegt<\/strong>\u00bb GRATIS!<br><\/em>Mittwochmorgen 9h \u2013 10h \/ 4x<br>1. Juli \/ 8. Juli \/ 15. Juli \/ 22. Juli 2026<br><a href=\"https:\/\/maps.app.goo.gl\/m8eUWQjn4ry3rSzi8\" target=\"_blank\" rel=\"noreferrer noopener\">Wegmattenpark, 4123 Allschwil<\/a><br>Webseite:\u00a0<a href=\"http:\/\/allschwil-bewegt.ch\/\" target=\"_blank\" rel=\"noreferrer noopener\">allschwil-bewegt.ch<\/a><br><br><em>\u00ab<strong>Stiftung Rheinleben<\/strong>\u00bb<\/em>\u00a0<em>f\u00fcr IV Empf\u00e4nger<br><\/em>Mittwochnachmittag 17:00 \u2013 18:00 \/ 8x<br>10. Juni \/ 17. Juni \/ 24. Juni \/ 01. Juli 2026<br>08. Juli \/ 15. Juli \/ 22. Juli \/ 29. Juli 2026<br><a href=\"https:\/\/maps.app.goo.gl\/UqfhapmYPLKvfLKB9\" target=\"_blank\" rel=\"noreferrer noopener\">Tagesstruktur Modular, Thiersteinerallee 51, 4053 BS<\/a> (1. OG)<br>Webseite:\u00a0<a href=\"https:\/\/www.rheinleben.ch\/tagesstruktur\/freizeitangebote\/\" target=\"_blank\" rel=\"noreferrer noopener\">https:\/\/www.rheinleben.ch\/tagesstruktur\/freizeitangebote\/<\/a><\/p>\n<\/div>\n\n\n\n<div class=\"wp-block-column is-layout-flow wp-block-column-is-layout-flow\" style=\"flex-basis:33.33%\" data-aos=\"fade-left\">\n<figure class=\"wp-block-image size-large\"><img loading=\"lazy\" decoding=\"async\" width=\"576\" height=\"1024\" src=\"https:\/\/sei-sen.ch\/wp-content\/uploads\/2024\/01\/tau-576x1024.jpg\" alt=\"\" class=\"wp-image-241\" srcset=\"https:\/\/sei-sen.ch\/wp-content\/uploads\/2024\/01\/tau-576x1024.jpg 576w, https:\/\/sei-sen.ch\/wp-content\/uploads\/2024\/01\/tau-169x300.jpg 169w, https:\/\/sei-sen.ch\/wp-content\/uploads\/2024\/01\/tau.jpg 608w\" sizes=\"auto, (max-width: 576px) 100vw, 576px\" \/><\/figure>\n<\/div>\n<\/div>\n\n\n\n<hr class=\"wp-block-separator has-alpha-channel-opacity\"\/>\n\n\n\n<div style=\"height:35px\" aria-hidden=\"true\" class=\"wp-block-spacer\"><\/div>\n\n\n\n<h2 class=\"wp-block-heading\" id=\"Angebote\">Heilzermonie<\/h2>\n\n\n\n<div class=\"wp-block-columns is-layout-flex wp-container-core-columns-is-layout-9d6595d7 wp-block-columns-is-layout-flex\">\n<div class=\"wp-block-column is-layout-flow wp-block-column-is-layout-flow\" style=\"flex-basis:66.66%\" data-aos=\"fade-right\">\n<p>Sie brauchen nicht in einer Krise zu stecken, bis Sie mich aufsuchen.<br>Wenn Sie das Gef\u00fchl haben, irgendetwas im Leben fehlt oder ist schwierig, ist es Zeit, dies ernst zu nehmen. Ich kann Ihnen durch meine spirituelle Eingebung Antworten auf Ihren Weg geben und Sie in Ihrem Prozess begleiten.<\/p>\n\n\n\n<p>Die individuelle Sitzung beinhaltet&nbsp;tatarische Heilzermonie (energetische Heilarbeit) sowie&nbsp;spirituelle Begleitung und kann je nach Wunsch angepasst werden.<\/p>\n\n\n\n<p><strong>Investition<\/strong><br>Einzelsitzung \u00e0 60 Minuten Fr. 90.&#8211;<\/p>\n\n\n\n<p><strong>Daten \/ Uhrzeiten<\/strong><br>nach Vereinbarung<\/p>\n\n\n\n<p>Email:&nbsp;<a href=\"https:\/\/mail.google.com\/mail\/?view=cm&amp;fs=1&amp;tf=1&amp;to=office@sei-sen.ch\" target=\"_blank\" rel=\"noreferrer noopener\">office@sei-sen.ch<\/a><br>Tel: +41 (0) 79 636 8670<\/p>\n\n\n\n<p><strong>Besondere Angebote<\/strong><br>&#8211; 9. Januar 2025 \u00f6ffentliche Pr\u00e4sentation im \u00abPositiv-Treff\u00bb Basel (<a href=\"https:\/\/sei-sen.ch\/wp-content\/uploads\/2025\/01\/Positiv-Treff-09.01.2025.pdf\" target=\"_blank\" rel=\"noreferrer noopener\">Flyer<\/a>)<\/p>\n<\/div>\n\n\n\n<div class=\"wp-block-column is-layout-flow wp-block-column-is-layout-flow\" style=\"flex-basis:33.33%\" data-aos=\"fade-left\">\n<figure class=\"wp-block-image size-full\"><img loading=\"lazy\" decoding=\"async\" width=\"1024\" height=\"1024\" src=\"https:\/\/sei-sen.ch\/wp-content\/uploads\/2024\/12\/105_1024x1024.jpg\" alt=\"\" class=\"wp-image-443\" style=\"object-fit:cover\" srcset=\"https:\/\/sei-sen.ch\/wp-content\/uploads\/2024\/12\/105_1024x1024.jpg 1024w, https:\/\/sei-sen.ch\/wp-content\/uploads\/2024\/12\/105_1024x1024-300x300.jpg 300w, https:\/\/sei-sen.ch\/wp-content\/uploads\/2024\/12\/105_1024x1024-150x150.jpg 150w, https:\/\/sei-sen.ch\/wp-content\/uploads\/2024\/12\/105_1024x1024-768x768.jpg 768w\" sizes=\"auto, (max-width: 1024px) 100vw, 1024px\" \/><\/figure>\n<\/div>\n<\/div>\n\n\n\n<hr class=\"wp-block-separator has-alpha-channel-opacity\"\/>\n\n\n\n<div style=\"height:35px\" aria-hidden=\"true\" class=\"wp-block-spacer\"><\/div>\n\n\n\n<h2 class=\"wp-block-heading\" id=\"Story\">Meine Geschichte<\/h2>\n\n\n\n<p data-aos=\"fade-left\"><strong>Ich bin eine Tatarin \u2013 eine Tochter des Dschingis Khan\u2026<\/strong><br><br>\u2026und geboren in der T\u00fcrkei. Als ich ein kleines M\u00e4dchen war, sind meine Familie und ich in die Schweiz ausgewandert. Ich habe die Schulen und Ausbildungen hier abgeschlossen und arbeitete in der Wirtschaft, sowie \u00fcber 20 Jahre im Bereich Pharma zuletzt als \u00abExecutive Assistant\u00bb. Pl\u00f6tzlich nahm dieser Pfad eine neue Wende. Dann kam Covid und mein Herz sagte mir, es ist der Moment, neue Wege zu gehen. Eine intensive Zeit der Innenkehr begann. Und ich begab mich auf eine unbekannte Reise.<br>Ich war sehr oft in der Natur, entsann mich meinen tatarischen Wurzeln und entdeckte mich neu. Die Natur gibt mir sehr viel, sie ist eine Quelle der Heilung und Inspiration.<br>Durch diesen kreativen Prozess schlug ich eine neue berufliche Richtung ein \u2013 weg von der Wirtschaft, hin zur individuellen Entfaltung.<br>Heute fokussiere ich mich auf die Lehre des Bewusstseins, gebe mein Wissen weiter und praktiziere mit Leidenschaft, die Kampfk\u00fcnste.<\/p>\n\n\n\n<p data-aos=\"fade-left\"><strong>Tatarische Heilzermonie mit urt\u00fcmlichem Gesang<\/strong><br><br>Am Anfang war der Klang und alle V\u00f6lker dieser Erde kennen die heilsame Wirkung der Kl\u00e4nge. Ich bin tief verbunden mit meinen Urahnen, Urvater, Urmutter meines tatarischen Volkes, und so bringe ich die heilsamen Kl\u00e4nge der Tataren in die Welt. Ich nutze die Heilkunst in der Linie meiner Urahnen und bin dankbar f\u00fcr diese Gabe.<\/p>\n\n\n\n<h4 class=\"wp-block-heading\"><strong>Ausbildung \/ Kompetenzen<\/strong><\/h4>\n\n\n\n<ul class=\"wp-block-list\" data-aos=\"fade-right\">\n<li>K\u00e4ufm\u00e4nnische Ausbildung (eidg. FA)<\/li>\n\n\n\n<li>SVEB Zertifikat Erwachsenenbildnerin<\/li>\n\n\n\n<li>ESA Erwachsenen Sport Leiterin<\/li>\n\n\n\n<li>Seit 1990 Karate \/ Meditation \/ Tai Chi \/ Qi Gong Lehrmeister Alexis Heimann, Don Y\u00f6n, KKB Basel (Schwarzgut registriert im SKF Danregister)<\/li>\n\n\n\n<li>Ausbildungen in Metaphysik, Spiritualit\u00e4t, Schamanismus kontinuierliche Fortbildungen in bekannten Institutionen, wie zum Bsp Arthur Findlay College in London Stansted, Bill Coller, PSI Basel, Lee Carroll, Diwan Basel, u.a.<\/li>\n<\/ul>\n\n\n\n<div style=\"height:35px\" aria-hidden=\"true\" class=\"wp-block-spacer\"><\/div>\n\n\n\n<hr class=\"wp-block-separator has-alpha-channel-opacity\"\/>\n\n\n\n<div style=\"height:35px\" aria-hidden=\"true\" class=\"wp-block-spacer\"><\/div>\n\n\n\n<h2 class=\"wp-block-heading\" id=\"Kontakt\">Kontakt<\/h2>\n\n\n\n<p data-aos=\"fade-right\">Berrin Canbaz<br>Email:&nbsp;<a href=\"https:\/\/mail.google.com\/mail\/?view=cm&amp;fs=1&amp;tf=1&amp;to=office@sei-sen.ch\" target=\"_blank\" rel=\"noreferrer noopener\">office@sei-sen.ch<\/a><br>Tel: +41 (0) 79 636 8670<\/p>\n","protected":false},"excerpt":{"rendered":"<p>Sei-Sen \u2013 reine Quelle \u00c4hnlich wie eine Quelle, die stetig frisches Wasser hervorbringt, dient meine Begleitung dazu, die Essenz unseres wahren Selbst, innere Ressourcen und Potenziale zu entdecken und weiterzuentwickeln. Wir versuchen oft, mit dem Verstand, mit Wille oder Ehrgeiz, das Selbst zu optimieren, was uns oft nicht gelingt. Eine reine Quelle steht auch symbolisch&hellip;&nbsp;<a href=\"https:\/\/sei-sen.ch\/\" rel=\"bookmark\">Weiterlesen &raquo;<span class=\"screen-reader-text\">Home<\/span><\/a><\/p>\n","protected":false},"author":1,"featured_media":0,"parent":0,"menu_order":0,"comment_status":"closed","ping_status":"closed","template":"","meta":{"neve_meta_sidebar":"","neve_meta_container":"","neve_meta_enable_content_width":"on","neve_meta_content_width":100,"neve_meta_title_alignment":"","neve_meta_author_avatar":"","neve_post_elements_order":"","neve_meta_disable_header":"","neve_meta_disable_footer":"","neve_meta_disable_title":"on","footnotes":""},"class_list":["post-14","page","type-page","status-publish","hentry"],"yoast_head":"<!-- This site is optimized with the Yoast SEO plugin v27.1.1 - https:\/\/yoast.com\/product\/yoast-seo-wordpress\/ -->\n<title>Home - Sei-Sen<\/title>\n<meta name=\"robots\" content=\"index, follow, max-snippet:-1, max-image-preview:large, max-video-preview:-1\" \/>\n<link rel=\"canonical\" href=\"https:\/\/sei-sen.ch\/\" \/>\n<meta property=\"og:locale\" content=\"de_DE\" \/>\n<meta property=\"og:type\" content=\"article\" \/>\n<meta property=\"og:title\" content=\"Home - Sei-Sen\" \/>\n<meta property=\"og:description\" content=\"Sei-Sen \u2013 reine Quelle \u00c4hnlich wie eine Quelle, die stetig frisches Wasser hervorbringt, dient meine Begleitung dazu, die Essenz unseres wahren Selbst, innere Ressourcen und Potenziale zu entdecken und weiterzuentwickeln. Wir versuchen oft, mit dem Verstand, mit Wille oder Ehrgeiz, das Selbst zu optimieren, was uns oft nicht gelingt. Eine reine Quelle steht auch symbolisch&hellip;&nbsp;Weiterlesen &raquo;Home\" \/>\n<meta property=\"og:url\" content=\"https:\/\/sei-sen.ch\/\" \/>\n<meta property=\"og:site_name\" content=\"Sei-Sen\" \/>\n<meta property=\"article:modified_time\" content=\"2026-03-03T15:14:29+00:00\" \/>\n<meta property=\"og:image\" content=\"https:\/\/sei-sen.ch\/wp-content\/uploads\/2024\/01\/400x150_605e33_v3.png\" \/>\n\t<meta property=\"og:image:width\" content=\"520\" \/>\n\t<meta property=\"og:image:height\" content=\"600\" \/>\n\t<meta property=\"og:image:type\" content=\"image\/png\" \/>\n<meta name=\"twitter:card\" content=\"summary_large_image\" \/>\n<meta name=\"twitter:label1\" content=\"Gesch\u00e4tzte Lesezeit\" \/>\n\t<meta name=\"twitter:data1\" content=\"7\u00a0Minuten\" \/>\n<script type=\"application\/ld+json\" class=\"yoast-schema-graph\">{\"@context\":\"https:\/\/schema.org\",\"@graph\":[{\"@type\":\"WebPage\",\"@id\":\"https:\/\/sei-sen.ch\/\",\"url\":\"https:\/\/sei-sen.ch\/\",\"name\":\"Home - Sei-Sen\",\"isPartOf\":{\"@id\":\"https:\/\/sei-sen.ch\/#website\"},\"primaryImageOfPage\":{\"@id\":\"https:\/\/sei-sen.ch\/#primaryimage\"},\"image\":{\"@id\":\"https:\/\/sei-sen.ch\/#primaryimage\"},\"thumbnailUrl\":\"https:\/\/sei-sen.ch\/wp-content\/uploads\/2024\/01\/400x150_605e33_v3.png\",\"datePublished\":\"2023-10-02T09:28:47+00:00\",\"dateModified\":\"2026-03-03T15:14:29+00:00\",\"breadcrumb\":{\"@id\":\"https:\/\/sei-sen.ch\/#breadcrumb\"},\"inLanguage\":\"de-CH\",\"potentialAction\":[{\"@type\":\"ReadAction\",\"target\":[\"https:\/\/sei-sen.ch\/\"]}]},{\"@type\":\"ImageObject\",\"inLanguage\":\"de-CH\",\"@id\":\"https:\/\/sei-sen.ch\/#primaryimage\",\"url\":\"https:\/\/sei-sen.ch\/wp-content\/uploads\/2024\/01\/400x150_605e33_v3.png\",\"contentUrl\":\"https:\/\/sei-sen.ch\/wp-content\/uploads\/2024\/01\/400x150_605e33_v3.png\",\"width\":520,\"height\":600},{\"@type\":\"BreadcrumbList\",\"@id\":\"https:\/\/sei-sen.ch\/#breadcrumb\",\"itemListElement\":[{\"@type\":\"ListItem\",\"position\":1,\"name\":\"Startseite\",\"item\":\"https:\/\/sei-sen.ch\/\"},{\"@type\":\"ListItem\",\"position\":2,\"name\":\"Home\"}]},{\"@type\":\"WebSite\",\"@id\":\"https:\/\/sei-sen.ch\/#website\",\"url\":\"https:\/\/sei-sen.ch\/\",\"name\":\"Sei-Sen\",\"description\":\"\",\"publisher\":{\"@id\":\"https:\/\/sei-sen.ch\/#organization\"},\"potentialAction\":[{\"@type\":\"SearchAction\",\"target\":{\"@type\":\"EntryPoint\",\"urlTemplate\":\"https:\/\/sei-sen.ch\/?s={search_term_string}\"},\"query-input\":{\"@type\":\"PropertyValueSpecification\",\"valueRequired\":true,\"valueName\":\"search_term_string\"}}],\"inLanguage\":\"de-CH\"},{\"@type\":\"Organization\",\"@id\":\"https:\/\/sei-sen.ch\/#organization\",\"name\":\"Sei-Sen\",\"url\":\"https:\/\/sei-sen.ch\/\",\"logo\":{\"@type\":\"ImageObject\",\"inLanguage\":\"de-CH\",\"@id\":\"https:\/\/sei-sen.ch\/#\/schema\/logo\/image\/\",\"url\":\"https:\/\/sei-sen.ch\/wp-content\/uploads\/2023\/12\/DSCF2192_hellgrau_187x600_666600.png\",\"contentUrl\":\"https:\/\/sei-sen.ch\/wp-content\/uploads\/2023\/12\/DSCF2192_hellgrau_187x600_666600.png\",\"width\":187,\"height\":600,\"caption\":\"Sei-Sen\"},\"image\":{\"@id\":\"https:\/\/sei-sen.ch\/#\/schema\/logo\/image\/\"}}]}<\/script>\n<!-- \/ Yoast SEO plugin. -->","yoast_head_json":{"title":"Home - Sei-Sen","robots":{"index":"index","follow":"follow","max-snippet":"max-snippet:-1","max-image-preview":"max-image-preview:large","max-video-preview":"max-video-preview:-1"},"canonical":"https:\/\/sei-sen.ch\/","og_locale":"de_DE","og_type":"article","og_title":"Home - Sei-Sen","og_description":"Sei-Sen \u2013 reine Quelle \u00c4hnlich wie eine Quelle, die stetig frisches Wasser hervorbringt, dient meine Begleitung dazu, die Essenz unseres wahren Selbst, innere Ressourcen und Potenziale zu entdecken und weiterzuentwickeln. Wir versuchen oft, mit dem Verstand, mit Wille oder Ehrgeiz, das Selbst zu optimieren, was uns oft nicht gelingt. Eine reine Quelle steht auch symbolisch&hellip;&nbsp;Weiterlesen &raquo;Home","og_url":"https:\/\/sei-sen.ch\/","og_site_name":"Sei-Sen","article_modified_time":"2026-03-03T15:14:29+00:00","og_image":[{"width":520,"height":600,"url":"https:\/\/sei-sen.ch\/wp-content\/uploads\/2024\/01\/400x150_605e33_v3.png","type":"image\/png"}],"twitter_card":"summary_large_image","twitter_misc":{"Gesch\u00e4tzte Lesezeit":"7\u00a0Minuten"},"schema":{"@context":"https:\/\/schema.org","@graph":[{"@type":"WebPage","@id":"https:\/\/sei-sen.ch\/","url":"https:\/\/sei-sen.ch\/","name":"Home - Sei-Sen","isPartOf":{"@id":"https:\/\/sei-sen.ch\/#website"},"primaryImageOfPage":{"@id":"https:\/\/sei-sen.ch\/#primaryimage"},"image":{"@id":"https:\/\/sei-sen.ch\/#primaryimage"},"thumbnailUrl":"https:\/\/sei-sen.ch\/wp-content\/uploads\/2024\/01\/400x150_605e33_v3.png","datePublished":"2023-10-02T09:28:47+00:00","dateModified":"2026-03-03T15:14:29+00:00","breadcrumb":{"@id":"https:\/\/sei-sen.ch\/#breadcrumb"},"inLanguage":"de-CH","potentialAction":[{"@type":"ReadAction","target":["https:\/\/sei-sen.ch\/"]}]},{"@type":"ImageObject","inLanguage":"de-CH","@id":"https:\/\/sei-sen.ch\/#primaryimage","url":"https:\/\/sei-sen.ch\/wp-content\/uploads\/2024\/01\/400x150_605e33_v3.png","contentUrl":"https:\/\/sei-sen.ch\/wp-content\/uploads\/2024\/01\/400x150_605e33_v3.png","width":520,"height":600},{"@type":"BreadcrumbList","@id":"https:\/\/sei-sen.ch\/#breadcrumb","itemListElement":[{"@type":"ListItem","position":1,"name":"Startseite","item":"https:\/\/sei-sen.ch\/"},{"@type":"ListItem","position":2,"name":"Home"}]},{"@type":"WebSite","@id":"https:\/\/sei-sen.ch\/#website","url":"https:\/\/sei-sen.ch\/","name":"Sei-Sen","description":"","publisher":{"@id":"https:\/\/sei-sen.ch\/#organization"},"potentialAction":[{"@type":"SearchAction","target":{"@type":"EntryPoint","urlTemplate":"https:\/\/sei-sen.ch\/?s={search_term_string}"},"query-input":{"@type":"PropertyValueSpecification","valueRequired":true,"valueName":"search_term_string"}}],"inLanguage":"de-CH"},{"@type":"Organization","@id":"https:\/\/sei-sen.ch\/#organization","name":"Sei-Sen","url":"https:\/\/sei-sen.ch\/","logo":{"@type":"ImageObject","inLanguage":"de-CH","@id":"https:\/\/sei-sen.ch\/#\/schema\/logo\/image\/","url":"https:\/\/sei-sen.ch\/wp-content\/uploads\/2023\/12\/DSCF2192_hellgrau_187x600_666600.png","contentUrl":"https:\/\/sei-sen.ch\/wp-content\/uploads\/2023\/12\/DSCF2192_hellgrau_187x600_666600.png","width":187,"height":600,"caption":"Sei-Sen"},"image":{"@id":"https:\/\/sei-sen.ch\/#\/schema\/logo\/image\/"}}]}},"_links":{"self":[{"href":"https:\/\/sei-sen.ch\/index.php\/wp-json\/wp\/v2\/pages\/14","targetHints":{"allow":["GET"]}}],"collection":[{"href":"https:\/\/sei-sen.ch\/index.php\/wp-json\/wp\/v2\/pages"}],"about":[{"href":"https:\/\/sei-sen.ch\/index.php\/wp-json\/wp\/v2\/types\/page"}],"author":[{"embeddable":true,"href":"https:\/\/sei-sen.ch\/index.php\/wp-json\/wp\/v2\/users\/1"}],"replies":[{"embeddable":true,"href":"https:\/\/sei-sen.ch\/index.php\/wp-json\/wp\/v2\/comments?post=14"}],"version-history":[{"count":130,"href":"https:\/\/sei-sen.ch\/index.php\/wp-json\/wp\/v2\/pages\/14\/revisions"}],"predecessor-version":[{"id":556,"href":"https:\/\/sei-sen.ch\/index.php\/wp-json\/wp\/v2\/pages\/14\/revisions\/556"}],"wp:attachment":[{"href":"https:\/\/sei-sen.ch\/index.php\/wp-json\/wp\/v2\/media?parent=14"}],"curies":[{"name":"wp","href":"https:\/\/api.w.org\/{rel}","templated":true}]}}